{"id":11,"date":"2023-04-05T16:49:09","date_gmt":"2023-04-05T16:49:09","guid":{"rendered":"https:\/\/mvruestorf.at\/?page_id=11"},"modified":"2026-05-12T16:30:22","modified_gmt":"2026-05-12T16:30:22","slug":"home","status":"publish","type":"page","link":"https:\/\/mvruestorf.at\/","title":{"rendered":"Home"},"content":{"rendered":"\n<figure class=\"wp-block-image size-full\"><img loading=\"lazy\" decoding=\"async\" width=\"826\" height=\"583\" src=\"https:\/\/mvruestorf.at\/wp-content\/uploads\/2026\/05\/Daemmerschoppen-2026-rotated.jpg\" alt=\"\" class=\"wp-image-1125\" srcset=\"https:\/\/mvruestorf.at\/wp-content\/uploads\/2026\/05\/Daemmerschoppen-2026-rotated.jpg 826w, https:\/\/mvruestorf.at\/wp-content\/uploads\/2026\/05\/Daemmerschoppen-2026-300x212.jpg 300w, https:\/\/mvruestorf.at\/wp-content\/uploads\/2026\/05\/Daemmerschoppen-2026-768x542.jpg 768w\" sizes=\"auto, (max-width: 767px) 89vw, (max-width: 1000px) 54vw, (max-width: 1071px) 543px, 580px\" \/><\/figure>\n\n\n\n<p class=\"has-medium-font-size\">Wir bereiten uns aktuell f\u00fcr die Marschwertung am 20.Juni in Pichl bei Wels vor. Zuvor k\u00f6nnen sie uns bei diversen kirchlichen Anl\u00e4ssen und auch bei der 150-Jahr-Jubil\u00e4umsfeier der Gemeinde R\u00fcstorf am 12. Juni h\u00f6ren.<\/p>\n\n\n\n<p class=\"has-medium-font-size\">Am 1. Mai waren wir erneut mit drei Gruppen in den Ortschaften von R\u00fcstorf unterwegs, um den traditionellen Maigru\u00df zu \u00fcberbringen. Ein herzliches Dankesch\u00f6n gilt allen, die uns sowohl finanziell als auch kulinarisch so gro\u00dfz\u00fcgig unterst\u00fctzt haben.<\/p>\n\n\n\n<div class=\"wp-block-columns is-layout-flex wp-container-core-columns-is-layout-9d6595d7 wp-block-columns-is-layout-flex\">\n<div class=\"wp-block-column is-layout-flow wp-block-column-is-layout-flow\" style=\"flex-basis:50%\">\n<figure class=\"wp-block-image size-large\"><img loading=\"lazy\" decoding=\"async\" width=\"1024\" height=\"768\" src=\"https:\/\/mvruestorf.at\/wp-content\/uploads\/2026\/05\/Iris_20260501_081730.jpg_compressed-1024x768.jpeg\" alt=\"\" class=\"wp-image-1120\" srcset=\"https:\/\/mvruestorf.at\/wp-content\/uploads\/2026\/05\/Iris_20260501_081730.jpg_compressed-1024x768.jpeg 1024w, https:\/\/mvruestorf.at\/wp-content\/uploads\/2026\/05\/Iris_20260501_081730.jpg_compressed-300x225.jpeg 300w, https:\/\/mvruestorf.at\/wp-content\/uploads\/2026\/05\/Iris_20260501_081730.jpg_compressed-768x576.jpeg 768w, https:\/\/mvruestorf.at\/wp-content\/uploads\/2026\/05\/Iris_20260501_081730.jpg_compressed-1536x1152.jpeg 1536w, https:\/\/mvruestorf.at\/wp-content\/uploads\/2026\/05\/Iris_20260501_081730.jpg_compressed.jpeg 1707w\" sizes=\"auto, (max-width: 767px) 89vw, (max-width: 1000px) 54vw, (max-width: 1071px) 543px, 580px\" \/><\/figure>\n<\/div>\n\n\n\n<div class=\"wp-block-column is-layout-flow wp-block-column-is-layout-flow\" style=\"flex-basis:50%\">\n<figure class=\"wp-block-image size-large\"><img loading=\"lazy\" decoding=\"async\" width=\"1024\" height=\"768\" src=\"https:\/\/mvruestorf.at\/wp-content\/uploads\/2026\/05\/Christina_IMG_20260501_070228.jpg_compressed-1024x768.jpeg\" alt=\"\" class=\"wp-image-1119\" srcset=\"https:\/\/mvruestorf.at\/wp-content\/uploads\/2026\/05\/Christina_IMG_20260501_070228.jpg_compressed-1024x768.jpeg 1024w, https:\/\/mvruestorf.at\/wp-content\/uploads\/2026\/05\/Christina_IMG_20260501_070228.jpg_compressed-300x225.jpeg 300w, https:\/\/mvruestorf.at\/wp-content\/uploads\/2026\/05\/Christina_IMG_20260501_070228.jpg_compressed-768x576.jpeg 768w, https:\/\/mvruestorf.at\/wp-content\/uploads\/2026\/05\/Christina_IMG_20260501_070228.jpg_compressed-1536x1152.jpeg 1536w, https:\/\/mvruestorf.at\/wp-content\/uploads\/2026\/05\/Christina_IMG_20260501_070228.jpg_compressed.jpeg 1707w\" sizes=\"auto, (max-width: 767px) 89vw, (max-width: 1000px) 54vw, (max-width: 1071px) 543px, 580px\" \/><\/figure>\n<\/div>\n<\/div>\n\n\n\n<p class=\"has-medium-font-size\">Am 12. April stellten wir uns der Konzertwertung in Marchtrenk. Wir konnten in der Leistungsstufe B eine Goldmedaille mit 91,17 Punkten erspielen. Ein gro\u00dfes Dankesch\u00f6n geht an unseren Kpm. Lukas Salfinger f\u00fcr die intensive Vorbereitung.<\/p>\n\n\n\n<figure class=\"wp-block-image size-large\"><img loading=\"lazy\" decoding=\"async\" width=\"1024\" height=\"681\" src=\"https:\/\/mvruestorf.at\/wp-content\/uploads\/2026\/04\/IMG-20260413-WA0047-1024x681.jpg\" alt=\"\" class=\"wp-image-1101\" srcset=\"https:\/\/mvruestorf.at\/wp-content\/uploads\/2026\/04\/IMG-20260413-WA0047-1024x681.jpg 1024w, https:\/\/mvruestorf.at\/wp-content\/uploads\/2026\/04\/IMG-20260413-WA0047-300x200.jpg 300w, https:\/\/mvruestorf.at\/wp-content\/uploads\/2026\/04\/IMG-20260413-WA0047-768x511.jpg 768w, https:\/\/mvruestorf.at\/wp-content\/uploads\/2026\/04\/IMG-20260413-WA0047-1536x1022.jpg 1536w, https:\/\/mvruestorf.at\/wp-content\/uploads\/2026\/04\/IMG-20260413-WA0047-2048x1362.jpg 2048w\" sizes=\"auto, (max-width: 767px) 89vw, (max-width: 1000px) 54vw, (max-width: 1071px) 543px, 580px\" \/><\/figure>\n\n\n\n<p class=\"has-medium-font-size\">Ein gro\u00dfes Dankesch\u00f6n f\u00fcr Ihre Unterst\u00fctzung beim Jubil\u00e4umskonzert 165 Jahre MV R\u00fcstorf. Viel Lob und Anerkennung aus dem Publikum f\u00fcr unsere gemeinsame Arbeit. Zwei gro\u00dfartige, ausverkaufte Abende  mit unterhaltsamer Musik, Show und Licht bleiben in Erinnerung.<\/p>\n\n\n\n<figure class=\"wp-block-image size-large\"><img loading=\"lazy\" decoding=\"async\" width=\"1024\" height=\"768\" src=\"https:\/\/mvruestorf.at\/wp-content\/uploads\/2025\/11\/20251115_200401-1024x768.jpg\" alt=\"\" class=\"wp-image-1085\" srcset=\"https:\/\/mvruestorf.at\/wp-content\/uploads\/2025\/11\/20251115_200401-1024x768.jpg 1024w, https:\/\/mvruestorf.at\/wp-content\/uploads\/2025\/11\/20251115_200401-300x225.jpg 300w, https:\/\/mvruestorf.at\/wp-content\/uploads\/2025\/11\/20251115_200401-768x576.jpg 768w, https:\/\/mvruestorf.at\/wp-content\/uploads\/2025\/11\/20251115_200401-1536x1152.jpg 1536w, https:\/\/mvruestorf.at\/wp-content\/uploads\/2025\/11\/20251115_200401-2048x1536.jpg 2048w\" sizes=\"auto, (max-width: 767px) 89vw, (max-width: 1000px) 54vw, (max-width: 1071px) 543px, 580px\" \/><\/figure>\n\n\n\n<p><\/p>\n\n\n\n<p class=\"has-medium-font-size\">Die Sommerpause ist vorbei, hoffentlich alle erholt und frisch motiviert gehen wir in den musikalischen Herbst. Nach den ersten Proben gab es einen MusikerInnen &#8211; Ausflug der anderen Art. Im Dorf, zu Fu\u00df, unterhaltsam und lustig, schonend f\u00fcr die Vereinskasse dank der Organisation.<\/p>\n\n\n\n<figure class=\"wp-block-image size-large\"><img loading=\"lazy\" decoding=\"async\" width=\"1024\" height=\"623\" src=\"https:\/\/mvruestorf.at\/wp-content\/uploads\/2025\/09\/Musiausflug-1024x623.jpg\" alt=\"\" class=\"wp-image-1035\" srcset=\"https:\/\/mvruestorf.at\/wp-content\/uploads\/2025\/09\/Musiausflug-1024x623.jpg 1024w, https:\/\/mvruestorf.at\/wp-content\/uploads\/2025\/09\/Musiausflug-300x183.jpg 300w, https:\/\/mvruestorf.at\/wp-content\/uploads\/2025\/09\/Musiausflug-768x467.jpg 768w, https:\/\/mvruestorf.at\/wp-content\/uploads\/2025\/09\/Musiausflug-1536x935.jpg 1536w, https:\/\/mvruestorf.at\/wp-content\/uploads\/2025\/09\/Musiausflug.jpg 1909w\" sizes=\"auto, (max-width: 767px) 89vw, (max-width: 1000px) 54vw, (max-width: 1071px) 543px, 580px\" \/><\/figure>\n\n\n\n<p class=\"has-medium-font-size\">Am 01.05 fuhren wir mit 3 W\u00e4gen durch die Ortschaften R\u00fcstorf&#8217;s und \u00fcberbrachten den j\u00e4hrlichen Mai-Weckruf. Wir m\u00f6chten uns f\u00fcr alle Spenden herzlich bedanken. Ein besonderer Dank geht an alle die uns mit Getr\u00e4nken und anderen K\u00f6stlichkeiten versorgt haben.<\/p>\n\n\n\n<div class=\"wp-block-columns is-layout-flex wp-container-core-columns-is-layout-9d6595d7 wp-block-columns-is-layout-flex\">\n<div class=\"wp-block-column is-layout-flow wp-block-column-is-layout-flow\">\n<figure class=\"wp-block-image size-large\"><img loading=\"lazy\" decoding=\"async\" width=\"768\" height=\"1024\" src=\"https:\/\/mvruestorf.at\/wp-content\/uploads\/2025\/05\/Emma_IMG-20250501-WA0006.jpg_compressed-768x1024.jpeg\" alt=\"\" class=\"wp-image-1001\" style=\"aspect-ratio:3\/4;object-fit:cover\" srcset=\"https:\/\/mvruestorf.at\/wp-content\/uploads\/2025\/05\/Emma_IMG-20250501-WA0006.jpg_compressed-768x1024.jpeg 768w, https:\/\/mvruestorf.at\/wp-content\/uploads\/2025\/05\/Emma_IMG-20250501-WA0006.jpg_compressed-225x300.jpeg 225w, https:\/\/mvruestorf.at\/wp-content\/uploads\/2025\/05\/Emma_IMG-20250501-WA0006.jpg_compressed-1152x1536.jpeg 1152w, https:\/\/mvruestorf.at\/wp-content\/uploads\/2025\/05\/Emma_IMG-20250501-WA0006.jpg_compressed.jpeg 1280w\" sizes=\"auto, (max-width: 767px) 89vw, (max-width: 1000px) 54vw, (max-width: 1071px) 543px, 580px\" \/><\/figure>\n<\/div>\n\n\n\n<div class=\"wp-block-column is-layout-flow wp-block-column-is-layout-flow\">\n<figure class=\"wp-block-image size-large\"><img loading=\"lazy\" decoding=\"async\" width=\"576\" height=\"1024\" src=\"https:\/\/mvruestorf.at\/wp-content\/uploads\/2025\/05\/Snapchat-215128605.jpg_compressed-576x1024.jpeg\" alt=\"\" class=\"wp-image-1002\" style=\"aspect-ratio:3\/4;object-fit:cover\" srcset=\"https:\/\/mvruestorf.at\/wp-content\/uploads\/2025\/05\/Snapchat-215128605.jpg_compressed-576x1024.jpeg 576w, https:\/\/mvruestorf.at\/wp-content\/uploads\/2025\/05\/Snapchat-215128605.jpg_compressed-169x300.jpeg 169w, https:\/\/mvruestorf.at\/wp-content\/uploads\/2025\/05\/Snapchat-215128605.jpg_compressed-768x1365.jpeg 768w, https:\/\/mvruestorf.at\/wp-content\/uploads\/2025\/05\/Snapchat-215128605.jpg_compressed-864x1536.jpeg 864w, https:\/\/mvruestorf.at\/wp-content\/uploads\/2025\/05\/Snapchat-215128605.jpg_compressed-1152x2048.jpeg 1152w, https:\/\/mvruestorf.at\/wp-content\/uploads\/2025\/05\/Snapchat-215128605.jpg_compressed.jpeg 1242w\" sizes=\"auto, (max-width: 576px) 100vw, 576px\" \/><\/figure>\n<\/div>\n<\/div>\n\n\n\n<figure class=\"wp-block-image size-large\"><img loading=\"lazy\" decoding=\"async\" width=\"1024\" height=\"768\" src=\"https:\/\/mvruestorf.at\/wp-content\/uploads\/2025\/05\/Dani_20250501_144756.jpg_compressed-1024x768.jpeg\" alt=\"\" class=\"wp-image-1003\" srcset=\"https:\/\/mvruestorf.at\/wp-content\/uploads\/2025\/05\/Dani_20250501_144756.jpg_compressed-1024x768.jpeg 1024w, https:\/\/mvruestorf.at\/wp-content\/uploads\/2025\/05\/Dani_20250501_144756.jpg_compressed-300x225.jpeg 300w, https:\/\/mvruestorf.at\/wp-content\/uploads\/2025\/05\/Dani_20250501_144756.jpg_compressed-768x576.jpeg 768w, https:\/\/mvruestorf.at\/wp-content\/uploads\/2025\/05\/Dani_20250501_144756.jpg_compressed-1536x1152.jpeg 1536w, https:\/\/mvruestorf.at\/wp-content\/uploads\/2025\/05\/Dani_20250501_144756.jpg_compressed.jpeg 1707w\" sizes=\"auto, (max-width: 767px) 89vw, (max-width: 1000px) 54vw, (max-width: 1071px) 543px, 580px\" \/><\/figure>\n\n\n\n<p class=\"has-medium-font-size\">Am 27.04 stellten wir uns der Konzertwertung in Lenzing. Die viele Probenarbeit und der unerm\u00fcdliche Einsatz unseres Kapellmeister Lukas Salfinger hat sich gelohnt &#8211; wir konnten mit 90,17 Punkten eine Goldmedaille erspielen. <\/p>\n\n\n\n<figure class=\"wp-block-image size-large\"><img loading=\"lazy\" decoding=\"async\" width=\"1024\" height=\"683\" src=\"https:\/\/mvruestorf.at\/wp-content\/uploads\/2025\/04\/DSC0108-1024x683.jpg\" alt=\"\" class=\"wp-image-986\" srcset=\"https:\/\/mvruestorf.at\/wp-content\/uploads\/2025\/04\/DSC0108-1024x683.jpg 1024w, https:\/\/mvruestorf.at\/wp-content\/uploads\/2025\/04\/DSC0108-300x200.jpg 300w, https:\/\/mvruestorf.at\/wp-content\/uploads\/2025\/04\/DSC0108-768x512.jpg 768w, https:\/\/mvruestorf.at\/wp-content\/uploads\/2025\/04\/DSC0108-1536x1025.jpg 1536w, https:\/\/mvruestorf.at\/wp-content\/uploads\/2025\/04\/DSC0108-2048x1367.jpg 2048w\" sizes=\"auto, (max-width: 767px) 89vw, (max-width: 1000px) 54vw, (max-width: 1071px) 543px, 580px\" \/><\/figure>\n\n\n\n<div class=\"wp-block-columns is-layout-flex wp-container-core-columns-is-layout-9d6595d7 wp-block-columns-is-layout-flex\">\n<div class=\"wp-block-column is-layout-flow wp-block-column-is-layout-flow\">\n<figure class=\"wp-block-image size-large\"><img loading=\"lazy\" decoding=\"async\" width=\"1024\" height=\"683\" src=\"https:\/\/mvruestorf.at\/wp-content\/uploads\/2025\/04\/DSC0112-1024x683.jpg\" alt=\"\" class=\"wp-image-987\" srcset=\"https:\/\/mvruestorf.at\/wp-content\/uploads\/2025\/04\/DSC0112-1024x683.jpg 1024w, https:\/\/mvruestorf.at\/wp-content\/uploads\/2025\/04\/DSC0112-300x200.jpg 300w, https:\/\/mvruestorf.at\/wp-content\/uploads\/2025\/04\/DSC0112-768x512.jpg 768w, https:\/\/mvruestorf.at\/wp-content\/uploads\/2025\/04\/DSC0112-1536x1025.jpg 1536w, https:\/\/mvruestorf.at\/wp-content\/uploads\/2025\/04\/DSC0112-2048x1367.jpg 2048w\" sizes=\"auto, (max-width: 767px) 89vw, (max-width: 1000px) 54vw, (max-width: 1071px) 543px, 580px\" \/><\/figure>\n<\/div>\n\n\n\n<div class=\"wp-block-column is-layout-flow wp-block-column-is-layout-flow\">\n<figure class=\"wp-block-image size-large\"><img loading=\"lazy\" decoding=\"async\" width=\"1024\" height=\"683\" src=\"https:\/\/mvruestorf.at\/wp-content\/uploads\/2025\/04\/DSC0106-1024x683.jpg\" alt=\"\" class=\"wp-image-988\" srcset=\"https:\/\/mvruestorf.at\/wp-content\/uploads\/2025\/04\/DSC0106-1024x683.jpg 1024w, https:\/\/mvruestorf.at\/wp-content\/uploads\/2025\/04\/DSC0106-300x200.jpg 300w, https:\/\/mvruestorf.at\/wp-content\/uploads\/2025\/04\/DSC0106-768x512.jpg 768w, https:\/\/mvruestorf.at\/wp-content\/uploads\/2025\/04\/DSC0106-1536x1025.jpg 1536w, https:\/\/mvruestorf.at\/wp-content\/uploads\/2025\/04\/DSC0106-2048x1367.jpg 2048w\" sizes=\"auto, (max-width: 767px) 89vw, (max-width: 1000px) 54vw, (max-width: 1071px) 543px, 580px\" \/><\/figure>\n<\/div>\n<\/div>\n\n\n\n<p class=\"has-medium-font-size\"><\/p>\n\n\n\n<figure class=\"wp-block-image size-large\"><img loading=\"lazy\" decoding=\"async\" width=\"1024\" height=\"684\" src=\"https:\/\/mvruestorf.at\/wp-content\/uploads\/2024\/10\/EhrungLH24-1024x684.jpg\" alt=\"\" class=\"wp-image-895\" srcset=\"https:\/\/mvruestorf.at\/wp-content\/uploads\/2024\/10\/EhrungLH24-1024x684.jpg 1024w, https:\/\/mvruestorf.at\/wp-content\/uploads\/2024\/10\/EhrungLH24-300x200.jpg 300w, https:\/\/mvruestorf.at\/wp-content\/uploads\/2024\/10\/EhrungLH24-768x513.jpg 768w, https:\/\/mvruestorf.at\/wp-content\/uploads\/2024\/10\/EhrungLH24-1536x1026.jpg 1536w, https:\/\/mvruestorf.at\/wp-content\/uploads\/2024\/10\/EhrungLH24-2048x1369.jpg 2048w\" sizes=\"auto, (max-width: 767px) 89vw, (max-width: 1000px) 54vw, (max-width: 1071px) 543px, 580px\" \/><\/figure>\n\n\n\n<p class=\"has-medium-font-size\">Im September durfte der Musikverein R\u00fcstorf die 3. Ehrung durch LH Mag. Thomas Stelzer im Landhaus in Linz entgegennehmen. Diese Auszeichnung wird an Musikapellen f\u00fcr ihre wiederholte Teilnahme an Konzertwertungen und Marschwertungen vergeben.<\/p>\n\n\n\n<p><\/p>\n","protected":false},"excerpt":{"rendered":"<p>Wir bereiten uns aktuell f\u00fcr die Marschwertung am 20.Juni in Pichl bei Wels vor. Zuvor k\u00f6nnen sie uns bei diversen kirchlichen Anl\u00e4ssen und auch bei der 150-Jahr-Jubil\u00e4umsfeier der Gemeinde R\u00fcstorf am 12. Juni h\u00f6ren. Am 1. Mai waren wir erneut mit drei Gruppen in den Ortschaften von R\u00fcstorf unterwegs, um den traditionellen Maigru\u00df zu \u00fcberbringen. &hellip; <\/p>\n<p class=\"link-more\"><a href=\"https:\/\/mvruestorf.at\/\" class=\"more-link\"><span class=\"screen-reader-text\">\u201eHome\u201c<\/span> weiterlesen<\/a><\/p>\n","protected":false},"author":1,"featured_media":0,"parent":0,"menu_order":0,"comment_status":"closed","ping_status":"closed","template":"","meta":{"footnotes":""},"class_list":["post-11","page","type-page","status-publish","hentry"],"_links":{"self":[{"href":"https:\/\/mvruestorf.at\/index.php?rest_route=\/wp\/v2\/pages\/11","targetHints":{"allow":["GET"]}}],"collection":[{"href":"https:\/\/mvruestorf.at\/index.php?rest_route=\/wp\/v2\/pages"}],"about":[{"href":"https:\/\/mvruestorf.at\/index.php?rest_route=\/wp\/v2\/types\/page"}],"author":[{"embeddable":true,"href":"https:\/\/mvruestorf.at\/index.php?rest_route=\/wp\/v2\/users\/1"}],"replies":[{"embeddable":true,"href":"https:\/\/mvruestorf.at\/index.php?rest_route=%2Fwp%2Fv2%2Fcomments&post=11"}],"version-history":[{"count":113,"href":"https:\/\/mvruestorf.at\/index.php?rest_route=\/wp\/v2\/pages\/11\/revisions"}],"predecessor-version":[{"id":1127,"href":"https:\/\/mvruestorf.at\/index.php?rest_route=\/wp\/v2\/pages\/11\/revisions\/1127"}],"wp:attachment":[{"href":"https:\/\/mvruestorf.at\/index.php?rest_route=%2Fwp%2Fv2%2Fmedia&parent=11"}],"curies":[{"name":"wp","href":"https:\/\/api.w.org\/{rel}","templated":true}]}}