{"id":19,"date":"2020-10-02T15:10:35","date_gmt":"2020-10-02T15:10:35","guid":{"rendered":"https:\/\/mvruestorf.at\/?page_id=19"},"modified":"2020-10-04T08:57:44","modified_gmt":"2020-10-04T08:57:44","slug":"musikheim","status":"publish","type":"page","link":"https:\/\/mvruestorf.at\/?page_id=19","title":{"rendered":"Musikheim"},"content":{"rendered":"\n<p>Unser Musikheim wurde 2003 -2005 erbaut.<br>Dem sind lange Verhandlungen \u00fcber Standort und Kosten vorangegangen. Nachdem die Planung und Austattung am Standort Schule und Veranstaltungszentrum feststand, konnte mit der Ausschreibung und dem Bau durch den Bautr\u00e4ger ISG z\u00fcgig begonnen werden.<\/p>\n\n\n\n<figure class=\"wp-block-image size-large\"><img loading=\"lazy\" decoding=\"async\" width=\"1024\" height=\"767\" src=\"https:\/\/mvruestorf.at\/wp-content\/uploads\/2020\/10\/Musikheim2005-1024x767.jpg\" alt=\"\" class=\"wp-image-220\" srcset=\"https:\/\/mvruestorf.at\/wp-content\/uploads\/2020\/10\/Musikheim2005-1024x767.jpg 1024w, https:\/\/mvruestorf.at\/wp-content\/uploads\/2020\/10\/Musikheim2005-300x225.jpg 300w, https:\/\/mvruestorf.at\/wp-content\/uploads\/2020\/10\/Musikheim2005-768x575.jpg 768w, https:\/\/mvruestorf.at\/wp-content\/uploads\/2020\/10\/Musikheim2005.jpg 1458w\" sizes=\"auto, (max-width: 767px) 89vw, (max-width: 1000px) 54vw, (max-width: 1071px) 543px, 580px\" \/><\/figure>\n\n\n\n<figure class=\"wp-block-image size-large\"><img loading=\"lazy\" decoding=\"async\" width=\"1024\" height=\"768\" src=\"https:\/\/mvruestorf.at\/wp-content\/uploads\/2020\/10\/Musibau513-1024x768.jpg\" alt=\"\" class=\"wp-image-222\" srcset=\"https:\/\/mvruestorf.at\/wp-content\/uploads\/2020\/10\/Musibau513-1024x768.jpg 1024w, https:\/\/mvruestorf.at\/wp-content\/uploads\/2020\/10\/Musibau513-300x225.jpg 300w, https:\/\/mvruestorf.at\/wp-content\/uploads\/2020\/10\/Musibau513-768x576.jpg 768w, https:\/\/mvruestorf.at\/wp-content\/uploads\/2020\/10\/Musibau513-1536x1152.jpg 1536w, https:\/\/mvruestorf.at\/wp-content\/uploads\/2020\/10\/Musibau513.jpg 2016w\" sizes=\"auto, (max-width: 767px) 89vw, (max-width: 1000px) 54vw, (max-width: 1071px) 543px, 580px\" \/><figcaption>Foyer<\/figcaption><\/figure>\n\n\n\n<figure class=\"wp-block-image size-large\"><img loading=\"lazy\" decoding=\"async\" width=\"768\" height=\"1024\" src=\"https:\/\/mvruestorf.at\/wp-content\/uploads\/2020\/10\/Musibau509-768x1024.jpg\" alt=\"\" class=\"wp-image-223\" srcset=\"https:\/\/mvruestorf.at\/wp-content\/uploads\/2020\/10\/Musibau509-768x1024.jpg 768w, https:\/\/mvruestorf.at\/wp-content\/uploads\/2020\/10\/Musibau509-225x300.jpg 225w, https:\/\/mvruestorf.at\/wp-content\/uploads\/2020\/10\/Musibau509-1152x1536.jpg 1152w, https:\/\/mvruestorf.at\/wp-content\/uploads\/2020\/10\/Musibau509.jpg 1512w\" sizes=\"auto, (max-width: 767px) 89vw, (max-width: 1000px) 54vw, (max-width: 1071px) 543px, 580px\" \/><\/figure>\n\n\n\n<figure class=\"wp-block-image size-large\"><img loading=\"lazy\" decoding=\"async\" width=\"1024\" height=\"768\" src=\"https:\/\/mvruestorf.at\/wp-content\/uploads\/2020\/10\/Musibau5111-1024x768.jpg\" alt=\"\" class=\"wp-image-224\" srcset=\"https:\/\/mvruestorf.at\/wp-content\/uploads\/2020\/10\/Musibau5111-1024x768.jpg 1024w, https:\/\/mvruestorf.at\/wp-content\/uploads\/2020\/10\/Musibau5111-300x225.jpg 300w, https:\/\/mvruestorf.at\/wp-content\/uploads\/2020\/10\/Musibau5111-768x576.jpg 768w, https:\/\/mvruestorf.at\/wp-content\/uploads\/2020\/10\/Musibau5111-1536x1152.jpg 1536w, https:\/\/mvruestorf.at\/wp-content\/uploads\/2020\/10\/Musibau5111.jpg 2016w\" sizes=\"auto, (max-width: 767px) 89vw, (max-width: 1000px) 54vw, (max-width: 1071px) 543px, 580px\" \/><figcaption>Aufenthaltsraum<\/figcaption><\/figure>\n\n\n\n<figure class=\"wp-block-image size-large\"><img loading=\"lazy\" decoding=\"async\" width=\"1024\" height=\"768\" src=\"https:\/\/mvruestorf.at\/wp-content\/uploads\/2020\/10\/Musibau515-1024x768.jpg\" alt=\"\" class=\"wp-image-225\" srcset=\"https:\/\/mvruestorf.at\/wp-content\/uploads\/2020\/10\/Musibau515-1024x768.jpg 1024w, https:\/\/mvruestorf.at\/wp-content\/uploads\/2020\/10\/Musibau515-300x225.jpg 300w, https:\/\/mvruestorf.at\/wp-content\/uploads\/2020\/10\/Musibau515-768x576.jpg 768w, https:\/\/mvruestorf.at\/wp-content\/uploads\/2020\/10\/Musibau515-1536x1152.jpg 1536w, https:\/\/mvruestorf.at\/wp-content\/uploads\/2020\/10\/Musibau515.jpg 2016w\" sizes=\"auto, (max-width: 767px) 89vw, (max-width: 1000px) 54vw, (max-width: 1071px) 543px, 580px\" \/><\/figure>\n\n\n\n<figure class=\"wp-block-image size-large\"><img loading=\"lazy\" decoding=\"async\" width=\"1024\" height=\"769\" src=\"https:\/\/mvruestorf.at\/wp-content\/uploads\/2020\/10\/Musibau446-1024x769.jpg\" alt=\"\" class=\"wp-image-226\" srcset=\"https:\/\/mvruestorf.at\/wp-content\/uploads\/2020\/10\/Musibau446-1024x769.jpg 1024w, https:\/\/mvruestorf.at\/wp-content\/uploads\/2020\/10\/Musibau446-300x225.jpg 300w, https:\/\/mvruestorf.at\/wp-content\/uploads\/2020\/10\/Musibau446-768x577.jpg 768w, https:\/\/mvruestorf.at\/wp-content\/uploads\/2020\/10\/Musibau446-1536x1154.jpg 1536w, https:\/\/mvruestorf.at\/wp-content\/uploads\/2020\/10\/Musibau446.jpg 1720w\" sizes=\"auto, (max-width: 767px) 89vw, (max-width: 1000px) 54vw, (max-width: 1071px) 543px, 580px\" \/><figcaption>Probesaal<\/figcaption><\/figure>\n\n\n\n<figure class=\"wp-block-image size-full\"><img loading=\"lazy\" decoding=\"async\" width=\"530\" height=\"353\" src=\"https:\/\/mvruestorf.at\/wp-content\/uploads\/2020\/10\/Probesaal002.jpg\" alt=\"\" class=\"wp-image-227\" srcset=\"https:\/\/mvruestorf.at\/wp-content\/uploads\/2020\/10\/Probesaal002.jpg 530w, https:\/\/mvruestorf.at\/wp-content\/uploads\/2020\/10\/Probesaal002-300x200.jpg 300w\" sizes=\"auto, (max-width: 530px) 100vw, 530px\" \/><\/figure>\n\n\n\n<figure class=\"wp-block-image size-large\"><img loading=\"lazy\" decoding=\"async\" width=\"1024\" height=\"768\" src=\"https:\/\/mvruestorf.at\/wp-content\/uploads\/2020\/10\/Musibau4441-1024x768.jpg\" alt=\"\" class=\"wp-image-229\" srcset=\"https:\/\/mvruestorf.at\/wp-content\/uploads\/2020\/10\/Musibau4441-1024x768.jpg 1024w, https:\/\/mvruestorf.at\/wp-content\/uploads\/2020\/10\/Musibau4441-300x225.jpg 300w, https:\/\/mvruestorf.at\/wp-content\/uploads\/2020\/10\/Musibau4441-768x576.jpg 768w, https:\/\/mvruestorf.at\/wp-content\/uploads\/2020\/10\/Musibau4441-1536x1152.jpg 1536w, https:\/\/mvruestorf.at\/wp-content\/uploads\/2020\/10\/Musibau4441.jpg 1984w\" sizes=\"auto, (max-width: 767px) 89vw, (max-width: 1000px) 54vw, (max-width: 1071px) 543px, 580px\" \/><figcaption>Einspielraum &amp; Trachtenarchiv<\/figcaption><\/figure>\n\n\n\n<figure class=\"wp-block-image size-large\"><img loading=\"lazy\" decoding=\"async\" width=\"768\" height=\"1024\" src=\"https:\/\/mvruestorf.at\/wp-content\/uploads\/2020\/10\/Musibau508-768x1024.jpg\" alt=\"\" class=\"wp-image-230\" srcset=\"https:\/\/mvruestorf.at\/wp-content\/uploads\/2020\/10\/Musibau508-768x1024.jpg 768w, https:\/\/mvruestorf.at\/wp-content\/uploads\/2020\/10\/Musibau508-225x300.jpg 225w, https:\/\/mvruestorf.at\/wp-content\/uploads\/2020\/10\/Musibau508-1152x1536.jpg 1152w, https:\/\/mvruestorf.at\/wp-content\/uploads\/2020\/10\/Musibau508.jpg 1512w\" sizes=\"auto, (max-width: 767px) 89vw, (max-width: 1000px) 54vw, (max-width: 1071px) 543px, 580px\" \/><\/figure>\n\n\n\n<p>Von den Mitgliedern des MV R\u00fcstorf wurden ca. 3500 Robottstunden beigetragen.<\/p>\n\n\n\n<p><strong>Bei allen Helfern ein herzliches Dankesch\u00f6n.<\/strong><br><strong>Der Musikverein m\u00f6chte sich auch bei den Sponsoren und den Unterst\u00fctzern die einen finanziellen Beitrag zum Gelingen geleistet haben bedanken.<\/strong><\/p>\n\n\n\n<figure class=\"wp-block-image size-large\"><img loading=\"lazy\" decoding=\"async\" width=\"1024\" height=\"926\" src=\"https:\/\/mvruestorf.at\/wp-content\/uploads\/2020\/10\/Musibau460-1024x926.jpg\" alt=\"\" class=\"wp-image-231\" srcset=\"https:\/\/mvruestorf.at\/wp-content\/uploads\/2020\/10\/Musibau460-1024x926.jpg 1024w, https:\/\/mvruestorf.at\/wp-content\/uploads\/2020\/10\/Musibau460-300x271.jpg 300w, https:\/\/mvruestorf.at\/wp-content\/uploads\/2020\/10\/Musibau460-768x694.jpg 768w, https:\/\/mvruestorf.at\/wp-content\/uploads\/2020\/10\/Musibau460-1536x1389.jpg 1536w, https:\/\/mvruestorf.at\/wp-content\/uploads\/2020\/10\/Musibau460.jpg 1604w\" sizes=\"auto, (max-width: 767px) 89vw, (max-width: 1000px) 54vw, (max-width: 1071px) 543px, 580px\" \/><figcaption>Glaskunst von Herbert Tuchecker, Glasermeister in Stadl-Paura<\/figcaption><\/figure>\n\n\n\n<p><strong>Unser Musikheim, f\u00fcr viele ein zweites zu Hause !<\/strong><\/p>\n","protected":false},"excerpt":{"rendered":"<p>Unser Musikheim wurde 2003 -2005 erbaut.Dem sind lange Verhandlungen \u00fcber Standort und Kosten vorangegangen. Nachdem die Planung und Austattung am Standort Schule und Veranstaltungszentrum feststand, konnte mit der Ausschreibung und dem Bau durch den Bautr\u00e4ger ISG z\u00fcgig begonnen werden. Von den Mitgliedern des MV R\u00fcstorf wurden ca. 3500 Robottstunden beigetragen. Bei allen Helfern ein herzliches &hellip; <\/p>\n<p class=\"link-more\"><a href=\"https:\/\/mvruestorf.at\/?page_id=19\" class=\"more-link\"><span class=\"screen-reader-text\">\u201eMusikheim\u201c<\/span> weiterlesen<\/a><\/p>\n","protected":false},"author":1,"featured_media":0,"parent":0,"menu_order":0,"comment_status":"closed","ping_status":"closed","template":"","meta":{"footnotes":""},"class_list":["post-19","page","type-page","status-publish","hentry"],"_links":{"self":[{"href":"https:\/\/mvruestorf.at\/index.php?rest_route=\/wp\/v2\/pages\/19","targetHints":{"allow":["GET"]}}],"collection":[{"href":"https:\/\/mvruestorf.at\/index.php?rest_route=\/wp\/v2\/pages"}],"about":[{"href":"https:\/\/mvruestorf.at\/index.php?rest_route=\/wp\/v2\/types\/page"}],"author":[{"embeddable":true,"href":"https:\/\/mvruestorf.at\/index.php?rest_route=\/wp\/v2\/users\/1"}],"replies":[{"embeddable":true,"href":"https:\/\/mvruestorf.at\/index.php?rest_route=%2Fwp%2Fv2%2Fcomments&post=19"}],"version-history":[{"count":4,"href":"https:\/\/mvruestorf.at\/index.php?rest_route=\/wp\/v2\/pages\/19\/revisions"}],"predecessor-version":[{"id":233,"href":"https:\/\/mvruestorf.at\/index.php?rest_route=\/wp\/v2\/pages\/19\/revisions\/233"}],"wp:attachment":[{"href":"https:\/\/mvruestorf.at\/index.php?rest_route=%2Fwp%2Fv2%2Fmedia&parent=19"}],"curies":[{"name":"wp","href":"https:\/\/api.w.org\/{rel}","templated":true}]}}