{"id":27,"date":"2020-10-02T15:11:34","date_gmt":"2020-10-02T15:11:34","guid":{"rendered":"https:\/\/mvruestorf.at\/?page_id=27"},"modified":"2025-10-25T13:20:47","modified_gmt":"2025-10-25T13:20:47","slug":"impressum","status":"publish","type":"page","link":"https:\/\/mvruestorf.at\/?page_id=27","title":{"rendered":"Impressum"},"content":{"rendered":"\n<p><strong>F\u00fcr den Inhalt verantwortlich:<\/strong><br>Musikverein R\u00fcstorf<br>4690 R\u00fcstorf<br>ZVR: 679806157<br>EDV-Referent: Stefan Daspersgruber<br>mvruestorf@gmx.at<\/p>\n\n\n\n<p><strong><br>Offenlegung gem. \u00a7 25 MedG:<\/strong> Diese Webseite dient dem \u00f6ffentlichen Auftritt des Musikvereines R\u00fcstorf (Medieninhaber). Der Zweck dieser Website ist es demnach den Verein und seine T\u00e4tigkeiten vorzustellen.<br><strong><br>Haftungsausschluss:<\/strong> Die Inhalte dieser Webseite (Texte, Bilder, Grafiken usw.) sind urheberrechtlich gesch\u00fctzt und d\u00fcrfen nur mit ausdr\u00fccklicher Zustimmung des Musikvereines R\u00fcstorf gen\u00fctzt oder weiterverwendet werden. F\u00fcr Vollst\u00e4ndigkeit, Richtigkeit, Verf\u00fcgbarkeit oder Aktualit\u00e4t der Inhalte wird keine Haftung \u00fcbernommen.<br>Der Musikverein R\u00fcstorf haftet nicht f\u00fcr den Inhalt externer Links. Diese Links sind lediglich als Serviceleistung zur Verf\u00fcgung gestellt und stellen keine Identifizierung mit den Inhalten der Websites Dritter dar.<\/p>\n","protected":false},"excerpt":{"rendered":"<p>F\u00fcr den Inhalt verantwortlich:Musikverein R\u00fcstorf4690 R\u00fcstorfZVR: 679806157EDV-Referent: Stefan Daspersgrubermvruestorf@gmx.at Offenlegung gem. \u00a7 25 MedG: Diese Webseite dient dem \u00f6ffentlichen Auftritt des Musikvereines R\u00fcstorf (Medieninhaber). Der Zweck dieser Website ist es demnach den Verein und seine T\u00e4tigkeiten vorzustellen.Haftungsausschluss: Die Inhalte dieser Webseite (Texte, Bilder, Grafiken usw.) sind urheberrechtlich gesch\u00fctzt und d\u00fcrfen nur mit ausdr\u00fccklicher Zustimmung des &hellip; <\/p>\n<p class=\"link-more\"><a href=\"https:\/\/mvruestorf.at\/?page_id=27\" class=\"more-link\"><span class=\"screen-reader-text\">\u201eImpressum\u201c<\/span> weiterlesen<\/a><\/p>\n","protected":false},"author":1,"featured_media":0,"parent":0,"menu_order":0,"comment_status":"closed","ping_status":"closed","template":"","meta":{"footnotes":""},"class_list":["post-27","page","type-page","status-publish","hentry"],"_links":{"self":[{"href":"https:\/\/mvruestorf.at\/index.php?rest_route=\/wp\/v2\/pages\/27","targetHints":{"allow":["GET"]}}],"collection":[{"href":"https:\/\/mvruestorf.at\/index.php?rest_route=\/wp\/v2\/pages"}],"about":[{"href":"https:\/\/mvruestorf.at\/index.php?rest_route=\/wp\/v2\/types\/page"}],"author":[{"embeddable":true,"href":"https:\/\/mvruestorf.at\/index.php?rest_route=\/wp\/v2\/users\/1"}],"replies":[{"embeddable":true,"href":"https:\/\/mvruestorf.at\/index.php?rest_route=%2Fwp%2Fv2%2Fcomments&post=27"}],"version-history":[{"count":4,"href":"https:\/\/mvruestorf.at\/index.php?rest_route=\/wp\/v2\/pages\/27\/revisions"}],"predecessor-version":[{"id":1078,"href":"https:\/\/mvruestorf.at\/index.php?rest_route=\/wp\/v2\/pages\/27\/revisions\/1078"}],"wp:attachment":[{"href":"https:\/\/mvruestorf.at\/index.php?rest_route=%2Fwp%2Fv2%2Fmedia&parent=27"}],"curies":[{"name":"wp","href":"https:\/\/api.w.org\/{rel}","templated":true}]}}